{"id":7749,"date":"2024-10-04T10:34:07","date_gmt":"2024-10-04T13:34:07","guid":{"rendered":"http:\/\/cuidamosdopaiva.com.br\/novosite\/?page_id=7749"},"modified":"2024-10-04T10:37:23","modified_gmt":"2024-10-04T13:37:23","slug":"politica-de-protecao-de-dados","status":"publish","type":"page","link":"http:\/\/cuidamosdopaiva.com.br\/novosite\/politica-de-protecao-de-dados\/","title":{"rendered":"Pol\u00edtica de Prote\u00e7\u00e3o de Dados"},"content":{"rendered":"\t\t<div data-elementor-type=\"wp-page\" data-elementor-id=\"7749\" class=\"elementor elementor-7749\">\n\t\t\t\t\t\t\t\t\t<section class=\"elementor-section elementor-top-section elementor-element elementor-element-6489f37a elementor-section-content-middle elementor-section-boxed elementor-section-height-default elementor-section-height-default\" data-id=\"6489f37a\" data-element_type=\"section\" data-settings=\"{&quot;background_background&quot;:&quot;classic&quot;}\">\n\t\t\t\t\t\t<div class=\"elementor-container elementor-column-gap-default\">\n\t\t\t\t\t<div class=\"elementor-column elementor-col-100 elementor-top-column elementor-element elementor-element-424bf310\" data-id=\"424bf310\" data-element_type=\"column\">\n\t\t\t<div class=\"elementor-widget-wrap elementor-element-populated\">\n\t\t\t\t\t\t\t\t<div class=\"elementor-element elementor-element-179500f1 elementor-widget elementor-widget-text-editor\" data-id=\"179500f1\" data-element_type=\"widget\" data-widget_type=\"text-editor.default\">\n\t\t\t\t<div class=\"elementor-widget-container\">\n\t\t\t<style>\/*! elementor - v3.14.0 - 26-06-2023 *\/\n.elementor-widget-text-editor.elementor-drop-cap-view-stacked .elementor-drop-cap{background-color:#69727d;color:#fff}.elementor-widget-text-editor.elementor-drop-cap-view-framed .elementor-drop-cap{color:#69727d;border:3px solid;background-color:transparent}.elementor-widget-text-editor:not(.elementor-drop-cap-view-default) .elementor-drop-cap{margin-top:8px}.elementor-widget-text-editor:not(.elementor-drop-cap-view-default) .elementor-drop-cap-letter{width:1em;height:1em}.elementor-widget-text-editor .elementor-drop-cap{float:left;text-align:center;line-height:1;font-size:50px}.elementor-widget-text-editor .elementor-drop-cap-letter{display:inline-block}<\/style>\t\t\t\t<p class=\"p1\"><strong>A ASSOCIA\u00c7\u00c3O GERAL DA RESERVA DO PAIVA (AGRP)<\/strong>, pessoa jur\u00eddica de direito privado, sem fins lucrativos, ou simplesmente ASSOCIA\u00c7\u00c3O sabe o quanto \u00e9 importante para voc\u00ea conhecer e estar seguro sobre a utiliza\u00e7\u00e3o dos seus dados pessoais.<\/p><p class=\"p1\">Nesse sentido, esta pol\u00edtica de privacidade explica de maneira clara, precisa e acess\u00edvel como a ASSOCIA\u00c7\u00c3O coleta e usa seus dados pessoais para prestar os nossos servi\u00e7os.<\/p><p class=\"p1\">Antes de iniciar a utiliza\u00e7\u00e3o do APLICATIVO, dedique alguns minutos do seu tempo para ler esta pol\u00edtica e aproveitar de forma consciente e segura tudo o que o APLICATIVO tem para lhe oferecer.<\/p><p class=\"p1\">A aceita\u00e7\u00e3o da nossa pol\u00edtica ser\u00e1 feita quando voc\u00ea acessar o APLICATIVO. Isso indicar\u00e1 que voc\u00ea est\u00e1 ciente e em total acordo com a forma como utilizaremos as suas informa\u00e7\u00f5es e seus dados pessoais.<\/p><p class=\"p1\">Para assegurar regras claras, precisas e acess\u00edveis, a ASSOCIA\u00c7\u00c3O pode alterar esta pol\u00edtica, sendo recomend\u00e1vel sua leitura periodicamente.<\/p><p class=\"p1\">Esta pol\u00edtica est\u00e1 dividida da seguinte forma para facilitar a sua compreens\u00e3o:<\/p><ul class=\"ul1\"><li class=\"li1\">Quais informa\u00e7\u00f5es obtemos;<\/li><li class=\"li1\">Como ser\u00e3o utilizadas essas informa\u00e7\u00f5es;<\/li><li class=\"li1\">Como, quando e com quem suas informa\u00e7\u00f5es podem ser compartilhadas;<\/li><li class=\"li1\">Como a ASSOCIA\u00c7\u00c3O protege suas informa\u00e7\u00f5es;<\/li><li class=\"li1\">Atualiza\u00e7\u00f5es desta pol\u00edtica;<\/li><li class=\"li1\">Lei aplic\u00e1vel.<\/li><\/ul><p class=\"p1\"><br \/>Este documento deve ser lido em conjunto com os nossos Termos de Uso. Caso tenha d\u00favidas, deseje solicitar informa\u00e7\u00f5es sobre seus dados armazenados em nossos sistemas ou precise tratar de qualquer assunto relacionado a esta pol\u00edtica, por favor entre em contato conosco atrav\u00e9s do e-mail contato@agrp.com.br .<\/p><p class=\"p1\"><strong>1. QUAIS INFORMA\u00c7\u00d5ES OBTEMOS.<\/strong><\/p><p class=\"p1\"><span class=\"Apple-converted-space\">\u00a0 \u00a0 <\/span>Dados de cadastro. Coletamos dados quando voc\u00ea cria ou altera sua conta do APLICATIVO. Esses dados podem incluir seu nome, e-mail, n\u00famero de telefone, nome de usu\u00e1rio e senha de login.<\/p><p class=\"p1\"><span class=\"Apple-converted-space\">\u00a0 \u00a0 <\/span>Registros de acesso. A ASSOCIA\u00c7\u00c3O coleta automaticamente registros de acesso a aplica\u00e7\u00e3o, que incluem o endere\u00e7o IP, com data e hora, utilizado para acessar o APLICATIVO. Esses dados s\u00e3o de coleta obrigat\u00f3ria, de acordo com a Lei 12.965\/2014, mas somente ser\u00e3o fornecidos para terceiros com a sua autoriza\u00e7\u00e3o expressa ou por meio de ordem judicial.<\/p><p class=\"p1\"><span class=\"Apple-converted-space\">\u00a0 \u00a0 <\/span>Cookies e tecnologias semelhantes. N\u00f3s utilizamos cookies, que s\u00e3o arquivos de texto gerados e armazenados no seu navegador ou aparelho por sites, aplicativos e an\u00fancios online. Os cookies poder\u00e3o ser utilizados autenticar e lembrar das configura\u00e7\u00f5es do usu\u00e1rio.<\/p><p class=\"p1\"><strong>2. COMO SER\u00c3O UTILIZADAS ESSAS INFORMA\u00c7\u00d5ES.<\/strong><\/p><p class=\"p1\">1. Fornecimento de recursos e servi\u00e7os.<\/p><p class=\"p1\">A ASSOCIA\u00c7\u00c3O usa os dados que coleta para fornecer, personalizar, manter e melhorar seus produtos e servi\u00e7os. Isso inclui usar os dados para:<\/p><p class=\"p1\"><span class=\"Apple-converted-space\">\u00a0 \u00a0 <\/span>Permitir que voc\u00ea acesse e utilize todas as funcionalidades do APLICATIVO;<\/p><p class=\"p1\"><span class=\"Apple-converted-space\">\u00a0 \u00a0 <\/span>Enviar informa\u00e7\u00f5es sobre produtos, servi\u00e7os, promo\u00e7\u00f5es, not\u00edcias, atualiza\u00e7\u00f5es, eventos e outros assuntos do seu interesse;<\/p><p class=\"p1\"><span class=\"Apple-converted-space\">\u00a0 \u00a0 <\/span>Realizar publicidade direcionada conforme seus gostos, interesses e outras informa\u00e7\u00f5es coletadas;<\/p><p class=\"p1\"><span class=\"Apple-converted-space\">\u00a0 \u00a0 <\/span>Personalizar o servi\u00e7o para este adequar cada vez mais aos seus gostos e interesses;<\/p><p class=\"p1\">2. Seguran\u00e7a.<\/p><p class=\"p1\">A ASSOCIA\u00c7\u00c3O usa seus dados para ajudar a manter a seguran\u00e7a e a integridade de nossos usu\u00e1rios e servi\u00e7os.<\/p><p class=\"p1\">3. Suporte ao usu\u00e1rio.<\/p><p class=\"p1\">A ASSOCIA\u00c7\u00c3O usa os dados que coleta para oferecer assist\u00eancia quando voc\u00ea entra em contato com nosso suporte ao cliente.<\/p><p class=\"p1\">4. Pesquisa e desenvolvimento.<\/p><p class=\"p1\">A ASSOCIA\u00c7\u00c3O pode usar aos dados que coleta para fins de teste, pesquisa, an\u00e1lise e desenvolvimento de produtos. Isso nos permite melhorar e aumentar a seguran\u00e7a de nossos servi\u00e7os, desenvolver novos recursos e produtos.<\/p><p class=\"p1\">5. Procedimentos e exig\u00eancias legais.<\/p><p class=\"p1\">Podemos usar os dados que coletamos para investigar ou solucionar reclama\u00e7\u00f5es ou controv\u00e9rsias relacionadas ao seu uso dos servi\u00e7os conforme permitido pelas leis vigentes, ou em resposta a solicita\u00e7\u00f5es de ag\u00eancias reguladoras, \u00f3rg\u00e3os governamentais e inqu\u00e9ritos oficiais.<\/p><p class=\"p1\">6. Exclus\u00e3o dos dados<\/p><p class=\"p1\">A ASSOCIA\u00c7\u00c3O exige que o usu\u00e1rio preencha as informa\u00e7\u00f5es de perfil para prestar os servi\u00e7os oferecidos e vai reter essas informa\u00e7\u00f5es enquanto voc\u00ea mantiver sua conta do APLICATIVO.<\/p><p class=\"p1\">Quando essas informa\u00e7\u00f5es n\u00e3o forem mais necess\u00e1rias para a presta\u00e7\u00e3o de servi\u00e7os, suporte ao cliente, aprimoramento da experi\u00eancia do usu\u00e1rio ou outros fins operacionais, a ASSOCIA\u00c7\u00c3O tomar\u00e1 provid\u00eancias para evitar o acesso a elas ou o uso dessas informa\u00e7\u00f5es para qualquer fim que n\u00e3o seja o cumprimento de exig\u00eancias legais, a garantia da seguran\u00e7a ou a preven\u00e7\u00e3o e detec\u00e7\u00e3o de fraudes.<\/p><p class=\"p1\">Voc\u00ea pode solicitar a exclus\u00e3o da sua conta a qualquer momento. Depois dessa solicita\u00e7\u00e3o, a<span class=\"Apple-converted-space\">\u00a0 <\/span>ASSOCIA\u00c7\u00c3O vai excluir as informa\u00e7\u00f5es que n\u00e3o \u00e9 obrigada a reter.<\/p><p class=\"p1\">A ASSOCIA\u00c7\u00c3O tamb\u00e9m pode reter certas informa\u00e7\u00f5es, caso necess\u00e1rio, por interesses comerciais leg\u00edtimos, como preven\u00e7\u00e3o de fraudes e aprimoramento da seguran\u00e7a dos usu\u00e1rios.<\/p><p class=\"p1\">7. Monitoramento<\/p><p class=\"p1\">A ASSOCIA\u00c7\u00c3O se reserva no direito de monitorar o funcionamento do APLICATIVO, principalmente para assegurar a observ\u00e2ncia dos nossos Termos de Uso e a n\u00e3o ocorr\u00eancia de viola\u00e7\u00e3o ou abuso das leis aplic\u00e1veis.<\/p><p class=\"p1\">8. Exclus\u00e3o de usu\u00e1rio<\/p><p class=\"p1\">A ASSOCIA\u00c7\u00c3O se reserva no direito de excluir determinado usu\u00e1rio, caso esta pol\u00edtica ou os Termos de Uso n\u00e3o sejam respeitados. Como prezamos pelo bom relacionamento com os usu\u00e1rios, reconhecemos que eles t\u00eam o direito de buscar entender os motivos e at\u00e9 contest\u00e1-los, o que pode ser feito pelo seguinte e-mail: comunicacao@agrp.com.br .<\/p><p class=\"p1\"><strong>3. COMO, QUANDO E COM QUEM SUAS INFORMA\u00c7\u00d5ES PODEM SER COMPARTILHADAS<\/strong><\/p><p class=\"p1\">A ASSOCIA\u00c7\u00c3O n\u00e3o tem como pr\u00e1tica a divulga\u00e7\u00e3o de informa\u00e7\u00f5es que possam identific\u00e1-lo, salvo quando expressamente autorizado por voc\u00ea ou em circunst\u00e2ncias previstas nesta presente pol\u00edtica.<\/p><p class=\"p1\">A ASSOCIA\u00c7\u00c3O poder\u00e1 compartilhar as informa\u00e7\u00f5es que coleta com provedores de servi\u00e7os, sempre que for poss\u00edvel, de forma an\u00f4nima, visando preservar a sua privacidade. Por meio deste documento, voc\u00ea autoriza expressamente tais compartilhamentos.<\/p><p class=\"p1\">A ASSOCIA\u00c7\u00c3O permite que outras empresas e redes de an\u00fancio anunciem no APLICATIVO. Para tanto, dados podem ser compartilhados entre o APLICATIVO e essas outras empresas. Por meio deste documento, voc\u00ea autoriza expressamente tais compartilhamentos. Todavia, a ASSOCIA\u00c7\u00c3O n\u00e3o se responsabiliza pelos atos, an\u00fancios e conte\u00fado gerados por nossos parceiros comerciais e redes de an\u00fancio, e esta pol\u00edtica n\u00e3o se aplica a eles, uma vez que a ASSOCIA\u00c7\u00c3O n\u00e3o as controla. Para obter informa\u00e7\u00f5es sobre as pol\u00edticas e normas de privacidade desses parceiros, sugerimos que voc\u00ea localize as normas de relacionamento espec\u00edficas dentro do pr\u00f3prio site do parceiro.<\/p><p class=\"p1\">A ASSOCIA\u00c7\u00c3O tamb\u00e9m pode divulgar informa\u00e7\u00f5es sobre o usu\u00e1rio em casos especiais nos quais temos raz\u00e3o para acreditar que a divulga\u00e7\u00e3o dessas informa\u00e7\u00f5es \u00e9 necess\u00e1ria para identificar, entrar em contato ou agir legalmente contra algu\u00e9m que possa estar causando danos ou interferindo (intencionalmente ou n\u00e3o) nos direitos da ASSOCIA\u00c7\u00c3O, de outros usu\u00e1rios do APLICATIVO ou de qualquer pessoa que seja prejudicada por tais atividades. A ASSOCIA\u00c7\u00c3O pode divulgar informa\u00e7\u00f5es sobre o usu\u00e1rio quando exigido por lei e com objetivos administrativos ou outros necess\u00e1rios para manter e aprimorar nossos produtos e servi\u00e7os.<\/p><p class=\"p1\"><strong>4. SEGURAN\u00c7A DAS INFORMA\u00c7\u00d5ES<\/strong><\/p><p class=\"p1\">Todos os seus dados s\u00e3o confidenciais e somente as pessoas com as devidas autoriza\u00e7\u00f5es ter\u00e3o acesso a eles. Qualquer uso destes estar\u00e1 de acordo com esta pol\u00edtica. A ASSOCIA\u00c7\u00c3O empreender\u00e1 todos os esfor\u00e7os razo\u00e1veis de mercado para garantir a seguran\u00e7a dos nossos sistemas e dos seus dados. Nossos servidores est\u00e3o localizados em diferentes locais para garantir estabilidade e seguran\u00e7a, e somente podem ser acessados por meio de canais de comunica\u00e7\u00e3o previamente autorizados.<\/p><p class=\"p1\">A ASSOCIA\u00c7\u00c3O considera a sua privacidade algo extremamente importante e far\u00e1 tudo que estiver ao alcance para proteg\u00ea-la. Todavia, n\u00e3o temos como garantir complemente que todos os dados e informa\u00e7\u00f5es sobre voc\u00ea em nossa plataforma estar\u00e3o livres de acessos n\u00e3o autorizados, principalmente caso haja compartilhamento indevido das credenciais necess\u00e1rias para acessar o nosso aplicativo. Portanto, voc\u00ea \u00e9 o \u00fanico respons\u00e1vel por manter sua senha de acesso em local seguro e \u00e9 vedado o compartilhamento desta com terceiros. Voc\u00ea se compromete a notificar a ASSOCIA\u00c7\u00c3O imediatamente, atrav\u00e9s de meio seguro, a respeito de qualquer uso n\u00e3o autorizado de sua conta, bem como o acesso n\u00e3o autorizado por terceiros a esta.<\/p><p class=\"p1\"><strong>5. ATUALIZA\u00c7\u00d5ES DA POL\u00cdTICA DE PRIVACIDADE<\/strong><\/p><p class=\"p1\">A ASSOCIA\u00c7\u00c3O se reserva no direito de alterar essa Pol\u00edtica quantas vezes forem necess\u00e1rias, visando fornecer a voc\u00ea mais seguran\u00e7a, conveni\u00eancia, e melhorar cada vez mais a sua experi\u00eancia. \u00c9 por isso que \u00e9 muito importante acessar nossa pol\u00edtica periodicamente. Caso sejam feitas altera\u00e7\u00f5es relevantes que ensejem novas autoriza\u00e7\u00f5es suas, publicaremos uma nova pol\u00edtica de privacidade, sujeita novamente ao seu consentimento.<\/p><p class=\"p1\"><strong>6. LEI APLIC\u00c1VEL E JURISDI\u00c7\u00c3O<\/strong><\/p><p class=\"p1\">Este documento \u00e9 regido e deve ser interpretado de acordo com as leis da Rep\u00fablica Federativa do Brasil. Fica eleito o Foro da Comarca de Recife, Pernambuco, como o competente para dirimir quaisquer quest\u00f5es porventura oriundas do presente documento, com expressa ren\u00fancia a qualquer outro, por mais privilegiado que seja.<\/p>\t\t\t\t\t\t<\/div>\n\t\t\t\t<\/div>\n\t\t\t\t\t<\/div>\n\t\t<\/div>\n\t\t\t\t\t\t\t<\/div>\n\t\t<\/section>\n\t\t\t\t\t\t\t<\/div>\n\t\t","protected":false},"excerpt":{"rendered":"<p>A ASSOCIA\u00c7\u00c3O GERAL DA RESERVA DO PAIVA (AGRP), pessoa jur\u00eddica de direito privado, sem fins lucrativos, ou simplesmente ASSOCIA\u00c7\u00c3O sabe o quanto \u00e9 importante para voc\u00ea conhecer e estar seguro sobre a utiliza\u00e7\u00e3o dos seus dados pessoais. Nesse sentido, esta pol\u00edtica de privacidade explica de maneira clara, precisa e acess\u00edvel como a ASSOCIA\u00c7\u00c3O coleta e [&hellip;]<\/p>\n","protected":false},"author":1,"featured_media":806,"parent":0,"menu_order":0,"comment_status":"closed","ping_status":"closed","template":"elementor_header_footer","meta":{"_mi_skip_tracking":false,"_monsterinsights_sitenote_active":false,"_monsterinsights_sitenote_note":"","_monsterinsights_sitenote_category":0,"footnotes":""},"class_list":["post-7749","page","type-page","status-publish","has-post-thumbnail","hentry"],"yoast_head":"<!-- This site is optimized with the Yoast SEO plugin v21.8 - https:\/\/yoast.com\/wordpress\/plugins\/seo\/ -->\n<title>Pol\u00edtica de Prote\u00e7\u00e3o de Dados - AGRP - Cuidamos do Paiva<\/title>\n<meta name=\"robots\" content=\"index, follow, max-snippet:-1, max-image-preview:large, max-video-preview:-1\" \/>\n<link rel=\"canonical\" href=\"http:\/\/cuidamosdopaiva.com.br\/novosite\/politica-de-protecao-de-dados\/\" \/>\n<meta property=\"og:locale\" content=\"pt_BR\" \/>\n<meta property=\"og:type\" content=\"article\" \/>\n<meta property=\"og:title\" content=\"Pol\u00edtica de Prote\u00e7\u00e3o de Dados - AGRP - Cuidamos do Paiva\" \/>\n<meta property=\"og:description\" content=\"A ASSOCIA\u00c7\u00c3O GERAL DA RESERVA DO PAIVA (AGRP), pessoa jur\u00eddica de direito privado, sem fins lucrativos, ou simplesmente ASSOCIA\u00c7\u00c3O sabe o quanto \u00e9 importante para voc\u00ea conhecer e estar seguro sobre a utiliza\u00e7\u00e3o dos seus dados pessoais. Nesse sentido, esta pol\u00edtica de privacidade explica de maneira clara, precisa e acess\u00edvel como a ASSOCIA\u00c7\u00c3O coleta e [&hellip;]\" \/>\n<meta property=\"og:url\" content=\"http:\/\/cuidamosdopaiva.com.br\/novosite\/politica-de-protecao-de-dados\/\" \/>\n<meta property=\"og:site_name\" content=\"AGRP - Cuidamos do Paiva\" \/>\n<meta property=\"article:modified_time\" content=\"2024-10-04T13:37:23+00:00\" \/>\n<meta property=\"og:image\" content=\"http:\/\/cuidamosdopaiva.com.br\/novosite\/wp-content\/uploads\/2021\/11\/SEDE_AGRP-1.png\" \/>\n\t<meta property=\"og:image:width\" content=\"1920\" \/>\n\t<meta property=\"og:image:height\" content=\"1281\" \/>\n\t<meta property=\"og:image:type\" content=\"image\/png\" \/>\n<meta name=\"twitter:card\" content=\"summary_large_image\" \/>\n<meta name=\"twitter:label1\" content=\"Est. tempo de leitura\" \/>\n\t<meta name=\"twitter:data1\" content=\"8 minutos\" \/>\n<script type=\"application\/ld+json\" class=\"yoast-schema-graph\">{\"@context\":\"https:\/\/schema.org\",\"@graph\":[{\"@type\":\"WebPage\",\"@id\":\"http:\/\/cuidamosdopaiva.com.br\/novosite\/politica-de-protecao-de-dados\/\",\"url\":\"http:\/\/cuidamosdopaiva.com.br\/novosite\/politica-de-protecao-de-dados\/\",\"name\":\"Pol\u00edtica de Prote\u00e7\u00e3o de Dados - AGRP - Cuidamos do Paiva\",\"isPartOf\":{\"@id\":\"http:\/\/cuidamosdopaiva.com.br\/novosite\/#website\"},\"datePublished\":\"2024-10-04T13:34:07+00:00\",\"dateModified\":\"2024-10-04T13:37:23+00:00\",\"breadcrumb\":{\"@id\":\"http:\/\/cuidamosdopaiva.com.br\/novosite\/politica-de-protecao-de-dados\/#breadcrumb\"},\"inLanguage\":\"pt-BR\",\"potentialAction\":[{\"@type\":\"ReadAction\",\"target\":[\"http:\/\/cuidamosdopaiva.com.br\/novosite\/politica-de-protecao-de-dados\/\"]}]},{\"@type\":\"BreadcrumbList\",\"@id\":\"http:\/\/cuidamosdopaiva.com.br\/novosite\/politica-de-protecao-de-dados\/#breadcrumb\",\"itemListElement\":[{\"@type\":\"ListItem\",\"position\":1,\"name\":\"In\u00edcio\",\"item\":\"http:\/\/cuidamosdopaiva.com.br\/novosite\/\"},{\"@type\":\"ListItem\",\"position\":2,\"name\":\"Pol\u00edtica de Prote\u00e7\u00e3o de Dados\"}]},{\"@type\":\"WebSite\",\"@id\":\"http:\/\/cuidamosdopaiva.com.br\/novosite\/#website\",\"url\":\"http:\/\/cuidamosdopaiva.com.br\/novosite\/\",\"name\":\"AGRP - Cuidamos do Paiva\",\"description\":\"Site da Associa\u00e7\u00e3o Geral da Reserva do Paiva\",\"publisher\":{\"@id\":\"http:\/\/cuidamosdopaiva.com.br\/novosite\/#organization\"},\"potentialAction\":[{\"@type\":\"SearchAction\",\"target\":{\"@type\":\"EntryPoint\",\"urlTemplate\":\"http:\/\/cuidamosdopaiva.com.br\/novosite\/?s={search_term_string}\"},\"query-input\":\"required name=search_term_string\"}],\"inLanguage\":\"pt-BR\"},{\"@type\":\"Organization\",\"@id\":\"http:\/\/cuidamosdopaiva.com.br\/novosite\/#organization\",\"name\":\"AGRP - Cuidamos do Paiva\",\"url\":\"http:\/\/cuidamosdopaiva.com.br\/novosite\/\",\"logo\":{\"@type\":\"ImageObject\",\"inLanguage\":\"pt-BR\",\"@id\":\"http:\/\/cuidamosdopaiva.com.br\/novosite\/#\/schema\/logo\/image\/\",\"url\":\"http:\/\/cuidamosdopaiva.com.br\/novosite\/wp-content\/uploads\/2021\/07\/logo_AGRP.png\",\"contentUrl\":\"http:\/\/cuidamosdopaiva.com.br\/novosite\/wp-content\/uploads\/2021\/07\/logo_AGRP.png\",\"width\":350,\"height\":276,\"caption\":\"AGRP - Cuidamos do Paiva\"},\"image\":{\"@id\":\"http:\/\/cuidamosdopaiva.com.br\/novosite\/#\/schema\/logo\/image\/\"}}]}<\/script>\n<!-- \/ Yoast SEO plugin. -->","yoast_head_json":{"title":"Pol\u00edtica de Prote\u00e7\u00e3o de Dados - AGRP - Cuidamos do Paiva","robots":{"index":"index","follow":"follow","max-snippet":"max-snippet:-1","max-image-preview":"max-image-preview:large","max-video-preview":"max-video-preview:-1"},"canonical":"http:\/\/cuidamosdopaiva.com.br\/novosite\/politica-de-protecao-de-dados\/","og_locale":"pt_BR","og_type":"article","og_title":"Pol\u00edtica de Prote\u00e7\u00e3o de Dados - AGRP - Cuidamos do Paiva","og_description":"A ASSOCIA\u00c7\u00c3O GERAL DA RESERVA DO PAIVA (AGRP), pessoa jur\u00eddica de direito privado, sem fins lucrativos, ou simplesmente ASSOCIA\u00c7\u00c3O sabe o quanto \u00e9 importante para voc\u00ea conhecer e estar seguro sobre a utiliza\u00e7\u00e3o dos seus dados pessoais. Nesse sentido, esta pol\u00edtica de privacidade explica de maneira clara, precisa e acess\u00edvel como a ASSOCIA\u00c7\u00c3O coleta e [&hellip;]","og_url":"http:\/\/cuidamosdopaiva.com.br\/novosite\/politica-de-protecao-de-dados\/","og_site_name":"AGRP - Cuidamos do Paiva","article_modified_time":"2024-10-04T13:37:23+00:00","og_image":[{"width":1920,"height":1281,"url":"http:\/\/cuidamosdopaiva.com.br\/novosite\/wp-content\/uploads\/2021\/11\/SEDE_AGRP-1.png","type":"image\/png"}],"twitter_card":"summary_large_image","twitter_misc":{"Est. tempo de leitura":"8 minutos"},"schema":{"@context":"https:\/\/schema.org","@graph":[{"@type":"WebPage","@id":"http:\/\/cuidamosdopaiva.com.br\/novosite\/politica-de-protecao-de-dados\/","url":"http:\/\/cuidamosdopaiva.com.br\/novosite\/politica-de-protecao-de-dados\/","name":"Pol\u00edtica de Prote\u00e7\u00e3o de Dados - AGRP - Cuidamos do Paiva","isPartOf":{"@id":"http:\/\/cuidamosdopaiva.com.br\/novosite\/#website"},"datePublished":"2024-10-04T13:34:07+00:00","dateModified":"2024-10-04T13:37:23+00:00","breadcrumb":{"@id":"http:\/\/cuidamosdopaiva.com.br\/novosite\/politica-de-protecao-de-dados\/#breadcrumb"},"inLanguage":"pt-BR","potentialAction":[{"@type":"ReadAction","target":["http:\/\/cuidamosdopaiva.com.br\/novosite\/politica-de-protecao-de-dados\/"]}]},{"@type":"BreadcrumbList","@id":"http:\/\/cuidamosdopaiva.com.br\/novosite\/politica-de-protecao-de-dados\/#breadcrumb","itemListElement":[{"@type":"ListItem","position":1,"name":"In\u00edcio","item":"http:\/\/cuidamosdopaiva.com.br\/novosite\/"},{"@type":"ListItem","position":2,"name":"Pol\u00edtica de Prote\u00e7\u00e3o de Dados"}]},{"@type":"WebSite","@id":"http:\/\/cuidamosdopaiva.com.br\/novosite\/#website","url":"http:\/\/cuidamosdopaiva.com.br\/novosite\/","name":"AGRP - Cuidamos do Paiva","description":"Site da Associa\u00e7\u00e3o Geral da Reserva do Paiva","publisher":{"@id":"http:\/\/cuidamosdopaiva.com.br\/novosite\/#organization"},"potentialAction":[{"@type":"SearchAction","target":{"@type":"EntryPoint","urlTemplate":"http:\/\/cuidamosdopaiva.com.br\/novosite\/?s={search_term_string}"},"query-input":"required name=search_term_string"}],"inLanguage":"pt-BR"},{"@type":"Organization","@id":"http:\/\/cuidamosdopaiva.com.br\/novosite\/#organization","name":"AGRP - Cuidamos do Paiva","url":"http:\/\/cuidamosdopaiva.com.br\/novosite\/","logo":{"@type":"ImageObject","inLanguage":"pt-BR","@id":"http:\/\/cuidamosdopaiva.com.br\/novosite\/#\/schema\/logo\/image\/","url":"http:\/\/cuidamosdopaiva.com.br\/novosite\/wp-content\/uploads\/2021\/07\/logo_AGRP.png","contentUrl":"http:\/\/cuidamosdopaiva.com.br\/novosite\/wp-content\/uploads\/2021\/07\/logo_AGRP.png","width":350,"height":276,"caption":"AGRP - Cuidamos do Paiva"},"image":{"@id":"http:\/\/cuidamosdopaiva.com.br\/novosite\/#\/schema\/logo\/image\/"}}]}},"_links":{"self":[{"href":"http:\/\/cuidamosdopaiva.com.br\/novosite\/wp-json\/wp\/v2\/pages\/7749","targetHints":{"allow":["GET"]}}],"collection":[{"href":"http:\/\/cuidamosdopaiva.com.br\/novosite\/wp-json\/wp\/v2\/pages"}],"about":[{"href":"http:\/\/cuidamosdopaiva.com.br\/novosite\/wp-json\/wp\/v2\/types\/page"}],"author":[{"embeddable":true,"href":"http:\/\/cuidamosdopaiva.com.br\/novosite\/wp-json\/wp\/v2\/users\/1"}],"replies":[{"embeddable":true,"href":"http:\/\/cuidamosdopaiva.com.br\/novosite\/wp-json\/wp\/v2\/comments?post=7749"}],"version-history":[{"count":4,"href":"http:\/\/cuidamosdopaiva.com.br\/novosite\/wp-json\/wp\/v2\/pages\/7749\/revisions"}],"predecessor-version":[{"id":7753,"href":"http:\/\/cuidamosdopaiva.com.br\/novosite\/wp-json\/wp\/v2\/pages\/7749\/revisions\/7753"}],"wp:featuredmedia":[{"embeddable":true,"href":"http:\/\/cuidamosdopaiva.com.br\/novosite\/wp-json\/wp\/v2\/media\/806"}],"wp:attachment":[{"href":"http:\/\/cuidamosdopaiva.com.br\/novosite\/wp-json\/wp\/v2\/media?parent=7749"}],"curies":[{"name":"wp","href":"https:\/\/api.w.org\/{rel}","templated":true}]}}